{"id":7953,"date":"2025-12-17T10:21:29","date_gmt":"2025-12-17T09:21:29","guid":{"rendered":"https:\/\/www.quorum-groupe.fr\/?page_id=7953"},"modified":"2026-01-08T14:00:19","modified_gmt":"2026-01-08T13:00:19","slug":"politique-de-confidentialite-2","status":"publish","type":"page","link":"https:\/\/www.quorum-groupe.fr\/?page_id=7953","title":{"rendered":"Politique de confidentialit\u00e9"},"content":{"rendered":"\t\t<div data-elementor-type=\"wp-page\" data-elementor-id=\"7953\" class=\"elementor elementor-7953\">\n\t\t\t\t<div class=\"elementor-element elementor-element-0b2d7fa e-con-full e-flex e-con e-parent\" data-id=\"0b2d7fa\" data-element_type=\"container\" data-e-type=\"container\">\n\t\t\t\t<div class=\"elementor-element elementor-element-5b2d35d elementor-widget elementor-widget-heading\" data-id=\"5b2d35d\" data-element_type=\"widget\" data-e-type=\"widget\" data-widget_type=\"heading.default\">\n\t\t\t\t\t<h2 class=\"elementor-heading-title elementor-size-default\">POLITIQUE DE CONFIDENTIALIT\u00c9<\/h2>\t\t\t\t<\/div>\n\t\t\t\t<\/div>\n\t\t<div class=\"elementor-element elementor-element-aa56a6f e-flex e-con-boxed e-con e-parent\" data-id=\"aa56a6f\" data-element_type=\"container\" data-e-type=\"container\">\n\t\t\t\t\t<div class=\"e-con-inner\">\n\t\t\t\t<div class=\"elementor-element elementor-element-8bf1755 elementor-widget elementor-widget-heading\" data-id=\"8bf1755\" data-element_type=\"widget\" data-e-type=\"widget\" data-widget_type=\"heading.default\">\n\t\t\t\t\t<h2 class=\"elementor-heading-title elementor-size-default\">Introduction<\/h2>\t\t\t\t<\/div>\n\t\t\t\t<div class=\"elementor-element elementor-element-d74c01e elementor-widget elementor-widget-heading\" data-id=\"d74c01e\" data-element_type=\"widget\" data-e-type=\"widget\" data-widget_type=\"heading.default\">\n\t\t\t\t\t<h2 class=\"elementor-heading-title elementor-size-default\">Devant le d\u00e9veloppement des nouveaux outils de communication, il est n\u00e9cessaire de porter une attention particuli\u00e8re \u00e0 la protection de la vie priv\u00e9e. C\u2019est pourquoi, nous nous engageons \u00e0 respecter la confidentialit\u00e9 des renseignements personnels que nous collectons.<\/h2>\t\t\t\t<\/div>\n\t\t\t\t<div class=\"elementor-element elementor-element-42dc223 elementor-widget elementor-widget-heading\" data-id=\"42dc223\" data-element_type=\"widget\" data-e-type=\"widget\" data-widget_type=\"heading.default\">\n\t\t\t\t\t<h2 class=\"elementor-heading-title elementor-size-default\">Collecte de renseignements personnels et interactivit\u00e9<\/h2>\t\t\t\t<\/div>\n\t\t\t\t<div class=\"elementor-element elementor-element-2afc957 elementor-widget elementor-widget-heading\" data-id=\"2afc957\" data-element_type=\"widget\" data-e-type=\"widget\" data-widget_type=\"heading.default\">\n\t\t\t\t\t<h2 class=\"elementor-heading-title elementor-size-default\">Les informations personnelles sont collect\u00e9es par le biais de l\u2019interactivit\u00e9 pouvant s\u2019\u00e9tablir entre vous et notre site Internet et ce, de la fa\u00e7on suivante: La correspondance via notre page 'Contact'.\nNous utilisons les renseignements ainsi collect\u00e9s pour et seulement pour une prise de contact, \u00e0 l'exception des raisons cit\u00e9es ci-dessous.<\/h2>\t\t\t\t<\/div>\n\t\t\t\t<div class=\"elementor-element elementor-element-c0a5c35 elementor-widget elementor-widget-heading\" data-id=\"c0a5c35\" data-element_type=\"widget\" data-e-type=\"widget\" data-widget_type=\"heading.default\">\n\t\t\t\t\t<h2 class=\"elementor-heading-title elementor-size-default\">Dans certaines circonstances, nous pouvons divulguer vos informations personnelles \u00e0 des tiers \u00e0 des fins d'ex\u00e9cution de contrat Il peut s\u2019agir notamment de fournisseurs, d'interm\u00e9diaires ou d'autres tiers qui accomplissent des services en notre nom (par exemple : livraison). De plus, il est possible que cela soit fait dans le cadre d'une transaction commerciale comme une fusion ou une faillite, pour se conformer aux obligations l\u00e9gales applicables.\nNous n'utilisons et ne divulguons pas d'informations personnelles sensibles sans votre consentement ou \u00e0 des fins commerciales.<\/h2>\t\t\t\t<\/div>\n\t\t\t\t<div class=\"elementor-element elementor-element-14de6bf elementor-widget elementor-widget-heading\" data-id=\"14de6bf\" data-element_type=\"widget\" data-e-type=\"widget\" data-widget_type=\"heading.default\">\n\t\t\t\t\t<h2 class=\"elementor-heading-title elementor-size-default\">Sites web et liens externes<\/h2>\t\t\t\t<\/div>\n\t\t\t\t<div class=\"elementor-element elementor-element-d85f621 elementor-widget elementor-widget-heading\" data-id=\"d85f621\" data-element_type=\"widget\" data-e-type=\"widget\" data-widget_type=\"heading.default\">\n\t\t\t\t\t<h2 class=\"elementor-heading-title elementor-size-default\">D'une part, notre site peut fournir des liens vers des sites web ou d'autres plateformes en ligne exploit\u00e9es par des tiers. Si vous suivez des liens vers des sites non affili\u00e9s ou que nous ne contr\u00f4lons pas, vous devez consulter leurs politiques de confidentialit\u00e9 et de s\u00e9curit\u00e9 ainsi que leurs autres conditions g\u00e9n\u00e9rales d'utilisation. Nous ne garantissons pas et ne sommes pas responsables de la confidentialit\u00e9 ou de la s\u00e9curit\u00e9 de ces sites, y compris de l'exactitude, de l'exhaustivit\u00e9 ou de la fiabilit\u00e9 des informations trouv\u00e9es sur ceux-ci. Le fait que nous incluons ce type de liens n'implique pas, obligatoirement, une approbation du contenu desdites plateformes, sauf d\u00e9claration contraire.<\/h2>\t\t\t\t<\/div>\n\t\t\t\t<div class=\"elementor-element elementor-element-79714f6 elementor-widget elementor-widget-heading\" data-id=\"79714f6\" data-element_type=\"widget\" data-e-type=\"widget\" data-widget_type=\"heading.default\">\n\t\t\t\t\t<h2 class=\"elementor-heading-title elementor-size-default\">D'autre part, Quorum Groupe d\u00e9gage toute responsabilit\u00e9 concernant les liens cr\u00e9\u00e9s par d'autres sites vers le sien. En aucun cas, cela signifie une caution sur ces sites ou une approbation de leur contenu. Toutefois Quorum Groupe se r\u00e9serve le droit de demander la suppression d'un lien pour des sites diffusant notamment des informations \u00e0 caract\u00e8re x\u00e9nophobe ou pornographique ou tout autre sujet qui pourrait trahir ses valeurs et porter pr\u00e9judice \u00e0 son image.<\/h2>\t\t\t\t<\/div>\n\t\t\t\t<div class=\"elementor-element elementor-element-c9ce6ad elementor-widget elementor-widget-heading\" data-id=\"c9ce6ad\" data-element_type=\"widget\" data-e-type=\"widget\" data-widget_type=\"heading.default\">\n\t\t\t\t\t<h2 class=\"elementor-heading-title elementor-size-default\">Vos droits<\/h2>\t\t\t\t<\/div>\n\t\t\t\t<div class=\"elementor-element elementor-element-e27032a elementor-widget elementor-widget-heading\" data-id=\"e27032a\" data-element_type=\"widget\" data-e-type=\"widget\" data-widget_type=\"heading.default\">\n\t\t\t\t\t<h2 class=\"elementor-heading-title elementor-size-default\">Nous nous engageons \u00e0 vous offrir l'acc\u00e8s \u00e0 plusieurs droits en lien avec vos informations personnelles. Les voici ci-dessous :<\/h2>\t\t\t\t<\/div>\n\t\t\t\t<div class=\"elementor-element elementor-element-9827376 elementor-widget elementor-widget-heading\" data-id=\"9827376\" data-element_type=\"widget\" data-e-type=\"widget\" data-widget_type=\"heading.default\">\n\t\t\t\t\t<h2 class=\"elementor-heading-title elementor-size-default\"><b>Droit d'acc\u00e8s :<\/b> Vous pouvez avoir le droit de demander l'acc\u00e8s aux informations personnelles que nous d\u00e9tenons \u00e0 votre sujet, y compris les d\u00e9tails relatifs \u00e0 la mani\u00e8re dont nous utilisons et partageons vos informations.<\/h2>\t\t\t\t<\/div>\n\t\t\t\t<div class=\"elementor-element elementor-element-4fd2586 elementor-widget elementor-widget-heading\" data-id=\"4fd2586\" data-element_type=\"widget\" data-e-type=\"widget\" data-widget_type=\"heading.default\">\n\t\t\t\t\t<h2 class=\"elementor-heading-title elementor-size-default\"><b>Droit de suppression :<\/b> Vous pouvez avoir le droit de demander que nous supprimions les informations personnelles que nous conservons \u00e0 votre sujet.<\/h2>\t\t\t\t<\/div>\n\t\t\t\t<div class=\"elementor-element elementor-element-a24a2ce elementor-widget elementor-widget-heading\" data-id=\"a24a2ce\" data-element_type=\"widget\" data-e-type=\"widget\" data-widget_type=\"heading.default\">\n\t\t\t\t\t<h2 class=\"elementor-heading-title elementor-size-default\"><b>Droit de retrait : <\/b>Lorsque nous nous fondons sur votre consentement pour traiter vos informations personnelles, vous pouvez avoir le droit de retirer ledit consentement.<\/h2>\t\t\t\t<\/div>\n\t\t\t\t<div class=\"elementor-element elementor-element-d8b8966 elementor-widget elementor-widget-heading\" data-id=\"d8b8966\" data-element_type=\"widget\" data-e-type=\"widget\" data-widget_type=\"heading.default\">\n\t\t\t\t\t<h2 class=\"elementor-heading-title elementor-size-default\"><b>Droit d'opposition :<\/b> Vous pouvez refuser que vos renseignements personnels soient utilis\u00e9s \u00e0 certaines fins..<\/h2>\t\t\t\t<\/div>\n\t\t\t\t<div class=\"elementor-element elementor-element-3163da9 elementor-widget elementor-widget-heading\" data-id=\"3163da9\" data-element_type=\"widget\" data-e-type=\"widget\" data-widget_type=\"heading.default\">\n\t\t\t\t\t<h2 class=\"elementor-heading-title elementor-size-default\">Pour pouvoir exercer l'un de ces droits, vous pouvez nous contacter :<\/h2>\t\t\t\t<\/div>\n\t\t\t\t<div class=\"elementor-element elementor-element-71fccd3 elementor-widget elementor-widget-heading\" data-id=\"71fccd3\" data-element_type=\"widget\" data-e-type=\"widget\" data-widget_type=\"heading.default\">\n\t\t\t\t\t<h2 class=\"elementor-heading-title elementor-size-default\">- E-mail :  contact@quorum-groupe.fr<\/h2>\t\t\t\t<\/div>\n\t\t\t\t<div class=\"elementor-element elementor-element-c2207b0 elementor-widget elementor-widget-heading\" data-id=\"c2207b0\" data-element_type=\"widget\" data-e-type=\"widget\" data-widget_type=\"heading.default\">\n\t\t\t\t\t<h2 class=\"elementor-heading-title elementor-size-default\">- T\u00e9l\u00e9phone :  01 56 30 29 29<\/h2>\t\t\t\t<\/div>\n\t\t\t\t<div class=\"elementor-element elementor-element-6130a3a elementor-widget elementor-widget-heading\" data-id=\"6130a3a\" data-element_type=\"widget\" data-e-type=\"widget\" data-widget_type=\"heading.default\">\n\t\t\t\t\t<h2 class=\"elementor-heading-title elementor-size-default\">- Section 'Contact' du site web :   www.quorum-groupe.fr<\/h2>\t\t\t\t<\/div>\n\t\t\t\t<div class=\"elementor-element elementor-element-4b3cd1d elementor-widget elementor-widget-heading\" data-id=\"4b3cd1d\" data-element_type=\"widget\" data-e-type=\"widget\" data-widget_type=\"heading.default\">\n\t\t\t\t\t<h2 class=\"elementor-heading-title elementor-size-default\">S\u00e9curit\u00e9 <\/h2>\t\t\t\t<\/div>\n\t\t\t\t<div class=\"elementor-element elementor-element-ff5231a elementor-widget elementor-widget-heading\" data-id=\"ff5231a\" data-element_type=\"widget\" data-e-type=\"widget\" data-widget_type=\"heading.default\">\n\t\t\t\t\t<h2 class=\"elementor-heading-title elementor-size-default\">Les renseignements personnels que nous collectons sont conserv\u00e9s dans un environnement s\u00e9curis\u00e9. Les personnes travaillant pour nous sont tenues de respecter la confidentialit\u00e9 de vos informations. Pour assurer la s\u00e9curit\u00e9 de vos renseignements personnels, nous avons recours aux mesures suivantes :\n<\/h2>\t\t\t\t<\/div>\n\t\t\t\t<div class=\"elementor-element elementor-element-cfddaef elementor-widget elementor-widget-heading\" data-id=\"cfddaef\" data-element_type=\"widget\" data-e-type=\"widget\" data-widget_type=\"heading.default\">\n\t\t\t\t\t<h2 class=\"elementor-heading-title elementor-size-default\">- Gestion des acc\u00e8s \u2013 personne autoris\u00e9e<\/h2>\t\t\t\t<\/div>\n\t\t\t\t<div class=\"elementor-element elementor-element-51a47ac elementor-widget elementor-widget-heading\" data-id=\"51a47ac\" data-element_type=\"widget\" data-e-type=\"widget\" data-widget_type=\"heading.default\">\n\t\t\t\t\t<h2 class=\"elementor-heading-title elementor-size-default\">- Sauvegarde informatique<\/h2>\t\t\t\t<\/div>\n\t\t\t\t<div class=\"elementor-element elementor-element-b9673a4 elementor-widget elementor-widget-heading\" data-id=\"b9673a4\" data-element_type=\"widget\" data-e-type=\"widget\" data-widget_type=\"heading.default\">\n\t\t\t\t\t<h2 class=\"elementor-heading-title elementor-size-default\">Nous nous engageons \u00e0 maintenir un haut degr\u00e9 de confidentialit\u00e9, toutefois, comme aucun m\u00e9canisme n\u2019offre une s\u00e9curit\u00e9 maximale, une part de risque est toujours pr\u00e9sente lorsque l\u2019on utilise Internet pour transmettre des renseignements personnels. Par cons\u00e9quent, nous vous recommandons de ne pas utiliser de canaux non s\u00e9curis\u00e9s dans le but de communiquer des informations sensibles ou confidentielles.<\/h2>\t\t\t\t<\/div>\n\t\t\t\t<div class=\"elementor-element elementor-element-04de7fd elementor-widget elementor-widget-heading\" data-id=\"04de7fd\" data-element_type=\"widget\" data-e-type=\"widget\" data-widget_type=\"heading.default\">\n\t\t\t\t\t<h2 class=\"elementor-heading-title elementor-size-default\">L\u00e9gislation<\/h2>\t\t\t\t<\/div>\n\t\t\t\t<div class=\"elementor-element elementor-element-b6446c1 elementor-widget elementor-widget-heading\" data-id=\"b6446c1\" data-element_type=\"widget\" data-e-type=\"widget\" data-widget_type=\"heading.default\">\n\t\t\t\t\t<h2 class=\"elementor-heading-title elementor-size-default\">Nous nous engageons \u00e0 respecter les dispositions l\u00e9gislatives \u00e9nonc\u00e9es dans : www.cnil.fr\/fr\/reglement-europeen-protection-donnees.<\/h2>\t\t\t\t<\/div>\n\t\t\t\t<div class=\"elementor-element elementor-element-e93310b elementor-widget elementor-widget-heading\" data-id=\"e93310b\" data-element_type=\"widget\" data-e-type=\"widget\" data-widget_type=\"heading.default\">\n\t\t\t\t\t<h2 class=\"elementor-heading-title elementor-size-default\">R\u00e9clamations et Contact<\/h2>\t\t\t\t<\/div>\n\t\t\t\t<div class=\"elementor-element elementor-element-d9aab77 elementor-widget elementor-widget-heading\" data-id=\"d9aab77\" data-element_type=\"widget\" data-e-type=\"widget\" data-widget_type=\"heading.default\">\n\t\t\t\t\t<h2 class=\"elementor-heading-title elementor-size-default\">Si vous avez des questions sur la pr\u00e9sente 'Politique de confidentialit\u00e9', ou si vous avez des r\u00e9clamations \u00e0 effectuer en lien avec les droits d'opposition dont vous disposez, veuillez nous appeler au 01 56 30 29 29, nous envoyer un e-mail \u00e0 contact@quorum-groupe.fr ou nous rendre visite au 8 rue de l'Est\u00e9rel - Parc Icade - BP 70522 - 94150 RUNGIS, France.<\/h2>\t\t\t\t<\/div>\n\t\t\t\t<div class=\"elementor-element elementor-element-ce0f1a4 elementor-widget elementor-widget-heading\" data-id=\"ce0f1a4\" data-element_type=\"widget\" data-e-type=\"widget\" data-widget_type=\"heading.default\">\n\t\t\t\t\t<h2 class=\"elementor-heading-title elementor-size-default\">Aux fins des lois applicables sur la protection des donn\u00e9es et sauf indication contraire explicite, nous sommes le responsable du traitement de vos informations personnelles.<\/h2>\t\t\t\t<\/div>\n\t\t\t\t\t<\/div>\n\t\t\t\t<\/div>\n\t\t\t\t<\/div>\n\t\t","protected":false},"excerpt":{"rendered":"<p>POLITIQUE DE CONFIDENTIALIT\u00c9 Introduction Devant le d\u00e9veloppement des nouveaux outils de communication, il est n\u00e9cessaire de porter une attention particuli\u00e8re [&hellip;]<\/p>\n","protected":false},"author":3,"featured_media":0,"parent":0,"menu_order":0,"comment_status":"closed","ping_status":"closed","template":"","meta":{"site-sidebar-layout":"no-sidebar","site-content-layout":"","ast-site-content-layout":"full-width-container","site-content-style":"default","site-sidebar-style":"default","ast-global-header-display":"","ast-banner-title-visibility":"","ast-main-header-display":"","ast-hfb-above-header-display":"","ast-hfb-below-header-display":"","ast-hfb-mobile-header-display":"","site-post-title":"disabled","ast-breadcrumbs-content":"","ast-featured-img":"disabled","footer-sml-layout":"","ast-disable-related-posts":"","theme-transparent-header-meta":"","adv-header-id-meta":"","stick-header-meta":"","header-above-stick-meta":"","header-main-stick-meta":"","header-below-stick-meta":"","astra-migrate-meta-layouts":"default","ast-page-background-enabled":"default","ast-page-background-meta":{"desktop":{"background-color":"var(--ast-global-color-5)","background-image":"","background-repeat":"repeat","background-position":"center center","background-size":"auto","background-attachment":"scroll","background-type":"","background-media":"","overlay-type":"","overlay-color":"","overlay-opacity":"","overlay-gradient":""},"tablet":{"background-color":"","background-image":"","background-repeat":"repeat","background-position":"center center","background-size":"auto","background-attachment":"scroll","background-type":"","background-media":"","overlay-type":"","overlay-color":"","overlay-opacity":"","overlay-gradient":""},"mobile":{"background-color":"","background-image":"","background-repeat":"repeat","background-position":"center center","background-size":"auto","background-attachment":"scroll","background-type":"","background-media":"","overlay-type":"","overlay-color":"","overlay-opacity":"","overlay-gradient":""}},"ast-content-background-meta":{"desktop":{"background-color":"var(--ast-global-color-4)","background-image":"","background-repeat":"repeat","background-position":"center center","background-size":"auto","background-attachment":"scroll","background-type":"","background-media":"","overlay-type":"","overlay-color":"","overlay-opacity":"","overlay-gradient":""},"tablet":{"background-color":"var(--ast-global-color-4)","background-image":"","background-repeat":"repeat","background-position":"center center","background-size":"auto","background-attachment":"scroll","background-type":"","background-media":"","overlay-type":"","overlay-color":"","overlay-opacity":"","overlay-gradient":""},"mobile":{"background-color":"var(--ast-global-color-4)","background-image":"","background-repeat":"repeat","background-position":"center center","background-size":"auto","background-attachment":"scroll","background-type":"","background-media":"","overlay-type":"","overlay-color":"","overlay-opacity":"","overlay-gradient":""}},"footnotes":""},"class_list":["post-7953","page","type-page","status-publish","hentry"],"_links":{"self":[{"href":"https:\/\/www.quorum-groupe.fr\/index.php?rest_route=\/wp\/v2\/pages\/7953","targetHints":{"allow":["GET"]}}],"collection":[{"href":"https:\/\/www.quorum-groupe.fr\/index.php?rest_route=\/wp\/v2\/pages"}],"about":[{"href":"https:\/\/www.quorum-groupe.fr\/index.php?rest_route=\/wp\/v2\/types\/page"}],"author":[{"embeddable":true,"href":"https:\/\/www.quorum-groupe.fr\/index.php?rest_route=\/wp\/v2\/users\/3"}],"replies":[{"embeddable":true,"href":"https:\/\/www.quorum-groupe.fr\/index.php?rest_route=%2Fwp%2Fv2%2Fcomments&post=7953"}],"version-history":[{"count":7,"href":"https:\/\/www.quorum-groupe.fr\/index.php?rest_route=\/wp\/v2\/pages\/7953\/revisions"}],"predecessor-version":[{"id":8535,"href":"https:\/\/www.quorum-groupe.fr\/index.php?rest_route=\/wp\/v2\/pages\/7953\/revisions\/8535"}],"wp:attachment":[{"href":"https:\/\/www.quorum-groupe.fr\/index.php?rest_route=%2Fwp%2Fv2%2Fmedia&parent=7953"}],"curies":[{"name":"wp","href":"https:\/\/api.w.org\/{rel}","templated":true}]}}