{"id":7754,"date":"2025-12-09T16:14:53","date_gmt":"2025-12-09T15:14:53","guid":{"rendered":"https:\/\/www.quorum-groupe.fr\/?page_id=7754"},"modified":"2026-01-08T14:00:05","modified_gmt":"2026-01-08T13:00:05","slug":"mentions-legales","status":"publish","type":"page","link":"https:\/\/www.quorum-groupe.fr\/?page_id=7754","title":{"rendered":"Mentions l\u00e9gales"},"content":{"rendered":"\t\t<div data-elementor-type=\"wp-page\" data-elementor-id=\"7754\" class=\"elementor elementor-7754\">\n\t\t\t\t<div class=\"elementor-element elementor-element-af39f07 e-con-full e-flex e-con e-parent\" data-id=\"af39f07\" data-element_type=\"container\" data-e-type=\"container\">\n\t\t\t\t<div class=\"elementor-element elementor-element-d28c037 elementor-widget elementor-widget-heading\" data-id=\"d28c037\" data-element_type=\"widget\" data-e-type=\"widget\" data-widget_type=\"heading.default\">\n\t\t\t\t\t<h2 class=\"elementor-heading-title elementor-size-default\">MENTIONS L\u00c9GALES<\/h2>\t\t\t\t<\/div>\n\t\t\t\t<\/div>\n\t\t<div class=\"elementor-element elementor-element-f7c4f15 e-flex e-con-boxed e-con e-parent\" data-id=\"f7c4f15\" data-element_type=\"container\" data-e-type=\"container\">\n\t\t\t\t\t<div class=\"e-con-inner\">\n\t\t\t\t<div class=\"elementor-element elementor-element-45f6b15 elementor-widget elementor-widget-heading\" data-id=\"45f6b15\" data-element_type=\"widget\" data-e-type=\"widget\" data-widget_type=\"heading.default\">\n\t\t\t\t\t<h2 class=\"elementor-heading-title elementor-size-default\">Gestion des contenus - Directeur de la publication<\/h2>\t\t\t\t<\/div>\n\t\t\t\t<div class=\"elementor-element elementor-element-415d28e elementor-widget elementor-widget-heading\" data-id=\"415d28e\" data-element_type=\"widget\" data-e-type=\"widget\" data-widget_type=\"heading.default\">\n\t\t\t\t\t<h2 class=\"elementor-heading-title elementor-size-default\">Quorum Groupe<\/h2>\t\t\t\t<\/div>\n\t\t\t\t<div class=\"elementor-element elementor-element-7c1a76f elementor-widget elementor-widget-heading\" data-id=\"7c1a76f\" data-element_type=\"widget\" data-e-type=\"widget\" data-widget_type=\"heading.default\">\n\t\t\t\t\t<h2 class=\"elementor-heading-title elementor-size-default\">Soci\u00e9t\u00e9 exploitante<\/h2>\t\t\t\t<\/div>\n\t\t\t\t<div class=\"elementor-element elementor-element-a60e5b3 elementor-widget elementor-widget-heading\" data-id=\"a60e5b3\" data-element_type=\"widget\" data-e-type=\"widget\" data-widget_type=\"heading.default\">\n\t\t\t\t\t<h2 class=\"elementor-heading-title elementor-size-default\">Quorum Graphic M\u00e9dia SARL\n<\/h2>\t\t\t\t<\/div>\n\t\t\t\t<div class=\"elementor-element elementor-element-dcf4840 elementor-widget elementor-widget-heading\" data-id=\"dcf4840\" data-element_type=\"widget\" data-e-type=\"widget\" data-widget_type=\"heading.default\">\n\t\t\t\t\t<h2 class=\"elementor-heading-title elementor-size-default\">8 rue de l'Est\u00e9rel \u2013 BP 70522\n94633 RUNGIS cedex<\/h2>\t\t\t\t<\/div>\n\t\t\t\t<div class=\"elementor-element elementor-element-9fac71c elementor-widget elementor-widget-heading\" data-id=\"9fac71c\" data-element_type=\"widget\" data-e-type=\"widget\" data-widget_type=\"heading.default\">\n\t\t\t\t\t<h2 class=\"elementor-heading-title elementor-size-default\">T\u00e9l : 01 56 30 29 29<\/h2>\t\t\t\t<\/div>\n\t\t\t\t<div class=\"elementor-element elementor-element-4d26de1 elementor-widget elementor-widget-heading\" data-id=\"4d26de1\" data-element_type=\"widget\" data-e-type=\"widget\" data-widget_type=\"heading.default\">\n\t\t\t\t\t<h2 class=\"elementor-heading-title elementor-size-default\">Capital social : 241 600 \u20ac<\/h2>\t\t\t\t<\/div>\n\t\t\t\t<div class=\"elementor-element elementor-element-89d1e4b elementor-widget elementor-widget-heading\" data-id=\"89d1e4b\" data-element_type=\"widget\" data-e-type=\"widget\" data-widget_type=\"heading.default\">\n\t\t\t\t\t<h2 class=\"elementor-heading-title elementor-size-default\">SIRET : 793 370 396 000 12<\/h2>\t\t\t\t<\/div>\n\t\t\t\t<div class=\"elementor-element elementor-element-aa5c95d elementor-widget elementor-widget-heading\" data-id=\"aa5c95d\" data-element_type=\"widget\" data-e-type=\"widget\" data-widget_type=\"heading.default\">\n\t\t\t\t\t<h2 class=\"elementor-heading-title elementor-size-default\">QIN Mape et Rouire SARL\n<\/h2>\t\t\t\t<\/div>\n\t\t\t\t<div class=\"elementor-element elementor-element-baa409f elementor-widget elementor-widget-heading\" data-id=\"baa409f\" data-element_type=\"widget\" data-e-type=\"widget\" data-widget_type=\"heading.default\">\n\t\t\t\t\t<h2 class=\"elementor-heading-title elementor-size-default\">T\u00e9l : 01 56 30 29 29<\/h2>\t\t\t\t<\/div>\n\t\t\t\t<div class=\"elementor-element elementor-element-02cce84 elementor-widget elementor-widget-heading\" data-id=\"02cce84\" data-element_type=\"widget\" data-e-type=\"widget\" data-widget_type=\"heading.default\">\n\t\t\t\t\t<h2 class=\"elementor-heading-title elementor-size-default\">Capital social : 8 000\u20ac<\/h2>\t\t\t\t<\/div>\n\t\t\t\t<div class=\"elementor-element elementor-element-2a774bd elementor-widget elementor-widget-heading\" data-id=\"2a774bd\" data-element_type=\"widget\" data-e-type=\"widget\" data-widget_type=\"heading.default\">\n\t\t\t\t\t<h2 class=\"elementor-heading-title elementor-size-default\">SIRET : 67204797400064\n<\/h2>\t\t\t\t<\/div>\n\t\t\t\t<div class=\"elementor-element elementor-element-b77130e elementor-widget elementor-widget-heading\" data-id=\"b77130e\" data-element_type=\"widget\" data-e-type=\"widget\" data-widget_type=\"heading.default\">\n\t\t\t\t\t<h2 class=\"elementor-heading-title elementor-size-default\">H\u00e9bergement du site<\/h2>\t\t\t\t<\/div>\n\t\t\t\t<div class=\"elementor-element elementor-element-3791ec1 elementor-widget elementor-widget-heading\" data-id=\"3791ec1\" data-element_type=\"widget\" data-e-type=\"widget\" data-widget_type=\"heading.default\">\n\t\t\t\t\t<h2 class=\"elementor-heading-title elementor-size-default\">SHAROPS SAS\n\n<\/h2>\t\t\t\t<\/div>\n\t\t\t\t<div class=\"elementor-element elementor-element-884f0c1 elementor-widget elementor-widget-heading\" data-id=\"884f0c1\" data-element_type=\"widget\" data-e-type=\"widget\" data-widget_type=\"heading.default\">\n\t\t\t\t\t<h2 class=\"elementor-heading-title elementor-size-default\">14 rue fr\u00e9d\u00e9ric mistral<\/h2>\t\t\t\t<\/div>\n\t\t\t\t<div class=\"elementor-element elementor-element-8427da7 elementor-widget elementor-widget-heading\" data-id=\"8427da7\" data-element_type=\"widget\" data-e-type=\"widget\" data-widget_type=\"heading.default\">\n\t\t\t\t\t<h2 class=\"elementor-heading-title elementor-size-default\">34670 Baillargues\n<\/h2>\t\t\t\t<\/div>\n\t\t\t\t<div class=\"elementor-element elementor-element-7b7942e elementor-widget elementor-widget-heading\" data-id=\"7b7942e\" data-element_type=\"widget\" data-e-type=\"widget\" data-widget_type=\"heading.default\">\n\t\t\t\t\t<h2 class=\"elementor-heading-title elementor-size-default\">Montpellier B 839 013 000\n<\/h2>\t\t\t\t<\/div>\n\t\t\t\t<div class=\"elementor-element elementor-element-d831f24 elementor-widget elementor-widget-heading\" data-id=\"d831f24\" data-element_type=\"widget\" data-e-type=\"widget\" data-widget_type=\"heading.default\">\n\t\t\t\t\t<h2 class=\"elementor-heading-title elementor-size-default\">Capital social : 3 000 \u20ac\n\n<\/h2>\t\t\t\t<\/div>\n\t\t\t\t<div class=\"elementor-element elementor-element-cb581e5 elementor-widget elementor-widget-heading\" data-id=\"cb581e5\" data-element_type=\"widget\" data-e-type=\"widget\" data-widget_type=\"heading.default\">\n\t\t\t\t\t<h2 class=\"elementor-heading-title elementor-size-default\">Informatique et Libert\u00e9s : CNIL\n\n<\/h2>\t\t\t\t<\/div>\n\t\t\t\t<div class=\"elementor-element elementor-element-18187d0 elementor-widget elementor-widget-heading\" data-id=\"18187d0\" data-element_type=\"widget\" data-e-type=\"widget\" data-widget_type=\"heading.default\">\n\t\t\t\t\t<h2 class=\"elementor-heading-title elementor-size-default\">Les adresses personnelles recueillies sur le site r\u00e9sultent de la communication volontaire d'une adresse de courrier \u00e9lectronique lors d'un d\u00e9p\u00f4t d'un message \u00e9lectronique. Les adresses e-mail recueillies ne servent qu'\u00e0 la transmission des \u00e9l\u00e9ments d'informations demand\u00e9s.\nLes informations collect\u00e9es seront conserv\u00e9es de mani\u00e8re confidentielle. Elles ne feront l'objet d'aucune cession \u00e0 des tiers ni d'aucun traitement. Toutefois, il faut noter que, sauf via l'espace client de la plateforme collaborative de la marque Quorum Graphic M\u00e9dia, les \u00e9changes de donn\u00e9es entre les utilisateurs et le site  ne sont pas s\u00e9curis\u00e9s.\nConform\u00e9ment \u00e0 l'article 34 de la loi informatique et libert\u00e9s du 6 janvier 1978 , vous disposez d'un droit d'acc\u00e8s, de modification, de rectification et de suppression des donn\u00e9es qui vous concernent. Pour l'exercer adressez-vous \u00e0 :<\/h2>\t\t\t\t<\/div>\n\t\t\t\t<div class=\"elementor-element elementor-element-ea3c2c7 elementor-widget elementor-widget-heading\" data-id=\"ea3c2c7\" data-element_type=\"widget\" data-e-type=\"widget\" data-widget_type=\"heading.default\">\n\t\t\t\t\t<h2 class=\"elementor-heading-title elementor-size-default\">Quorum Graphic M\u00e9dia  ou QIN Mape et Rouire<\/h2>\t\t\t\t<\/div>\n\t\t\t\t<div class=\"elementor-element elementor-element-99513ad elementor-widget elementor-widget-heading\" data-id=\"99513ad\" data-element_type=\"widget\" data-e-type=\"widget\" data-widget_type=\"heading.default\">\n\t\t\t\t\t<h2 class=\"elementor-heading-title elementor-size-default\">Parc Icade - 8 rue de l'Est\u00e9rel BP 70522 - 94150 RUNGIS \n<\/h2>\t\t\t\t<\/div>\n\t\t\t\t<div class=\"elementor-element elementor-element-db59b15 elementor-widget elementor-widget-heading\" data-id=\"db59b15\" data-element_type=\"widget\" data-e-type=\"widget\" data-widget_type=\"heading.default\">\n\t\t\t\t\t<h2 class=\"elementor-heading-title elementor-size-default\">T\u00e9l : 01 56 30 29 29\n<\/h2>\t\t\t\t<\/div>\n\t\t\t\t<div class=\"elementor-element elementor-element-fb493d7 elementor-widget elementor-widget-heading\" data-id=\"fb493d7\" data-element_type=\"widget\" data-e-type=\"widget\" data-widget_type=\"heading.default\">\n\t\t\t\t\t<h2 class=\"elementor-heading-title elementor-size-default\">Fax : 01 56 30 10 99<\/h2>\t\t\t\t<\/div>\n\t\t\t\t<div class=\"elementor-element elementor-element-b37e142 elementor-widget elementor-widget-heading\" data-id=\"b37e142\" data-element_type=\"widget\" data-e-type=\"widget\" data-widget_type=\"heading.default\">\n\t\t\t\t\t<h2 class=\"elementor-heading-title elementor-size-default\">Avertissement<\/h2>\t\t\t\t<\/div>\n\t\t\t\t<div class=\"elementor-element elementor-element-511a087 elementor-widget elementor-widget-heading\" data-id=\"511a087\" data-element_type=\"widget\" data-e-type=\"widget\" data-widget_type=\"heading.default\">\n\t\t\t\t\t<h2 class=\"elementor-heading-title elementor-size-default\">Quorum Groupe ne garantit pas que ce site soit exempt de d\u00e9faut, d'erreur ou d'omission. Il ne peut en aucun cas \u00eatre tenu responsable des dommages pouvant en r\u00e9sulter et de l'utilisation et de l'interpr\u00e9tation de l'information contenue dans ce site.\nLes information ou les messages \u00e9chang\u00e9s par l'interm\u00e9diaire de la messagerie n'ont pas valeur de d\u00e9cision.\nPour toute anomalie technique constat\u00e9e sur le site, merci de bien vouloir nous contacter.\nDe mani\u00e8re g\u00e9n\u00e9rale, Quorum Groupe d\u00e9cline toute responsabilit\u00e9 \u00e0 un \u00e9ventuel dommage survenu en particulier pendant la consultation du pr\u00e9sent site.<\/h2>\t\t\t\t<\/div>\n\t\t\t\t<div class=\"elementor-element elementor-element-a2d4b70 elementor-widget elementor-widget-heading\" data-id=\"a2d4b70\" data-element_type=\"widget\" data-e-type=\"widget\" data-widget_type=\"heading.default\">\n\t\t\t\t\t<h2 class=\"elementor-heading-title elementor-size-default\">Dispositions l\u00e9gales<\/h2>\t\t\t\t<\/div>\n\t\t\t\t<div class=\"elementor-element elementor-element-276ea8f elementor-widget elementor-widget-heading\" data-id=\"276ea8f\" data-element_type=\"widget\" data-e-type=\"widget\" data-widget_type=\"heading.default\">\n\t\t\t\t\t<h2 class=\"elementor-heading-title elementor-size-default\">Les divers \u00e9l\u00e9ments du site web (mise en page, structure, charte graphique etc...) sont prot\u00e9g\u00e9s par des droits et ne peuvent \u00eatre copi\u00e9s ou imit\u00e9s sauf autorisation expresse de Quorum Groupe.\nToute personne ne respectant pas les dispositions l\u00e9gales se rend coupable du d\u00e9lit de contrefa\u00e7on et est passible des sanctions p\u00e9nales pr\u00e9vues par la loi.<\/h2>\t\t\t\t<\/div>\n\t\t\t\t<div class=\"elementor-element elementor-element-f139006 elementor-widget elementor-widget-heading\" data-id=\"f139006\" data-element_type=\"widget\" data-e-type=\"widget\" data-widget_type=\"heading.default\">\n\t\t\t\t\t<h2 class=\"elementor-heading-title elementor-size-default\">Droits d'auteur<\/h2>\t\t\t\t<\/div>\n\t\t\t\t<div class=\"elementor-element elementor-element-843a721 elementor-widget elementor-widget-heading\" data-id=\"843a721\" data-element_type=\"widget\" data-e-type=\"widget\" data-widget_type=\"heading.default\">\n\t\t\t\t\t<h2 class=\"elementor-heading-title elementor-size-default\">Le pr\u00e9sent site constitue une \u0153uvre dont Quorum Groupe est l'auteur, prot\u00e9g\u00e9e par la l\u00e9gislation en vigueur (article L.122-4 du code de la propri\u00e9t\u00e9 intellectuelle).\nToute reproduction m\u00eame partielle du site est interdite sauf consentement expr\u00e8s du Directeur de la publication.\nLes logos, textes, photographies, vid\u00e9o etc... sont la propri\u00e9t\u00e9 de Quorum Groupe ou de tiers ayant autoris\u00e9s Quorum Groupe \u00e0 les utiliser.\nEn particulier Quorum Groupe se r\u00e9serve le droit d'approuver ou de d\u00e9sapprouver toute utilisation de son logo.<\/h2>\t\t\t\t<\/div>\n\t\t\t\t\t<\/div>\n\t\t\t\t<\/div>\n\t\t\t\t<\/div>\n\t\t","protected":false},"excerpt":{"rendered":"<p>MENTIONS L\u00c9GALES Gestion des contenus &#8211; Directeur de la publication Quorum Groupe Soci\u00e9t\u00e9 exploitante Quorum Graphic M\u00e9dia SARL 8 rue [&hellip;]<\/p>\n","protected":false},"author":3,"featured_media":0,"parent":0,"menu_order":0,"comment_status":"closed","ping_status":"closed","template":"","meta":{"site-sidebar-layout":"no-sidebar","site-content-layout":"","ast-site-content-layout":"full-width-container","site-content-style":"default","site-sidebar-style":"default","ast-global-header-display":"","ast-banner-title-visibility":"","ast-main-header-display":"","ast-hfb-above-header-display":"","ast-hfb-below-header-display":"","ast-hfb-mobile-header-display":"","site-post-title":"disabled","ast-breadcrumbs-content":"","ast-featured-img":"disabled","footer-sml-layout":"","ast-disable-related-posts":"","theme-transparent-header-meta":"","adv-header-id-meta":"","stick-header-meta":"","header-above-stick-meta":"","header-main-stick-meta":"","header-below-stick-meta":"","astra-migrate-meta-layouts":"default","ast-page-background-enabled":"default","ast-page-background-meta":{"desktop":{"background-color":"var(--ast-global-color-5)","background-image":"","background-repeat":"repeat","background-position":"center center","background-size":"auto","background-attachment":"scroll","background-type":"","background-media":"","overlay-type":"","overlay-color":"","overlay-opacity":"","overlay-gradient":""},"tablet":{"background-color":"","background-image":"","background-repeat":"repeat","background-position":"center center","background-size":"auto","background-attachment":"scroll","background-type":"","background-media":"","overlay-type":"","overlay-color":"","overlay-opacity":"","overlay-gradient":""},"mobile":{"background-color":"","background-image":"","background-repeat":"repeat","background-position":"center center","background-size":"auto","background-attachment":"scroll","background-type":"","background-media":"","overlay-type":"","overlay-color":"","overlay-opacity":"","overlay-gradient":""}},"ast-content-background-meta":{"desktop":{"background-color":"var(--ast-global-color-4)","background-image":"","background-repeat":"repeat","background-position":"center center","background-size":"auto","background-attachment":"scroll","background-type":"","background-media":"","overlay-type":"","overlay-color":"","overlay-opacity":"","overlay-gradient":""},"tablet":{"background-color":"var(--ast-global-color-4)","background-image":"","background-repeat":"repeat","background-position":"center center","background-size":"auto","background-attachment":"scroll","background-type":"","background-media":"","overlay-type":"","overlay-color":"","overlay-opacity":"","overlay-gradient":""},"mobile":{"background-color":"var(--ast-global-color-4)","background-image":"","background-repeat":"repeat","background-position":"center center","background-size":"auto","background-attachment":"scroll","background-type":"","background-media":"","overlay-type":"","overlay-color":"","overlay-opacity":"","overlay-gradient":""}},"footnotes":""},"class_list":["post-7754","page","type-page","status-publish","hentry"],"_links":{"self":[{"href":"https:\/\/www.quorum-groupe.fr\/index.php?rest_route=\/wp\/v2\/pages\/7754","targetHints":{"allow":["GET"]}}],"collection":[{"href":"https:\/\/www.quorum-groupe.fr\/index.php?rest_route=\/wp\/v2\/pages"}],"about":[{"href":"https:\/\/www.quorum-groupe.fr\/index.php?rest_route=\/wp\/v2\/types\/page"}],"author":[{"embeddable":true,"href":"https:\/\/www.quorum-groupe.fr\/index.php?rest_route=\/wp\/v2\/users\/3"}],"replies":[{"embeddable":true,"href":"https:\/\/www.quorum-groupe.fr\/index.php?rest_route=%2Fwp%2Fv2%2Fcomments&post=7754"}],"version-history":[{"count":40,"href":"https:\/\/www.quorum-groupe.fr\/index.php?rest_route=\/wp\/v2\/pages\/7754\/revisions"}],"predecessor-version":[{"id":8532,"href":"https:\/\/www.quorum-groupe.fr\/index.php?rest_route=\/wp\/v2\/pages\/7754\/revisions\/8532"}],"wp:attachment":[{"href":"https:\/\/www.quorum-groupe.fr\/index.php?rest_route=%2Fwp%2Fv2%2Fmedia&parent=7754"}],"curies":[{"name":"wp","href":"https:\/\/api.w.org\/{rel}","templated":true}]}}