{"id":5488,"date":"2025-11-19T14:17:02","date_gmt":"2025-11-19T13:17:02","guid":{"rendered":"https:\/\/www.quorum-groupe.fr\/?page_id=5488"},"modified":"2026-01-12T01:59:48","modified_gmt":"2026-01-12T00:59:48","slug":"pre-presse","status":"publish","type":"page","link":"https:\/\/www.quorum-groupe.fr\/?page_id=5488","title":{"rendered":"Pr\u00e9-presse"},"content":{"rendered":"\t\t<div data-elementor-type=\"wp-page\" data-elementor-id=\"5488\" class=\"elementor elementor-5488\">\n\t\t\t\t\t\t<section class=\"elementor-section elementor-top-section elementor-element elementor-element-308be20 elementor-section-content-middle elementor-section-full_width elementor-section-height-default elementor-section-height-default\" data-id=\"308be20\" data-element_type=\"section\" data-e-type=\"section\" data-settings=\"{&quot;background_background&quot;:&quot;classic&quot;}\">\n\t\t\t\t\t\t<div class=\"elementor-container elementor-column-gap-default\">\n\t\t\t\t\t<div class=\"elementor-column elementor-col-50 elementor-top-column elementor-element elementor-element-05e3c3a\" data-id=\"05e3c3a\" data-element_type=\"column\" data-e-type=\"column\">\n\t\t\t<div class=\"elementor-widget-wrap elementor-element-populated\">\n\t\t\t\t\t\t<div class=\"elementor-element elementor-element-c835cff elementor-widget elementor-widget-heading\" data-id=\"c835cff\" data-element_type=\"widget\" data-e-type=\"widget\" data-widget_type=\"heading.default\">\n\t\t\t\t\t<h2 class=\"elementor-heading-title elementor-size-default\">PR\u00c9-PRESSE<\/h2>\t\t\t\t<\/div>\n\t\t\t\t<div class=\"elementor-element elementor-element-b2055cf elementor-widget__width-inherit elementor-widget elementor-widget-text-editor\" data-id=\"b2055cf\" data-element_type=\"widget\" data-e-type=\"widget\" data-widget_type=\"text-editor.default\">\n\t\t\t\t\t\t\t\t\tLes d\u00e9tails <br>qui font <br>la diff\u00e9rence. \t\t\t\t\t\t\t\t<\/div>\n\t\t\t\t\t<\/div>\n\t\t<\/div>\n\t\t\t\t<div class=\"elementor-column elementor-col-50 elementor-top-column elementor-element elementor-element-dfd78b4\" data-id=\"dfd78b4\" data-element_type=\"column\" data-e-type=\"column\">\n\t\t\t<div class=\"elementor-widget-wrap elementor-element-populated\">\n\t\t\t\t\t\t<div class=\"elementor-element elementor-element-b49f19b elementor-widget elementor-widget-image-carousel\" data-id=\"b49f19b\" data-element_type=\"widget\" data-e-type=\"widget\" data-settings=\"{&quot;slides_to_show&quot;:&quot;3&quot;,&quot;slides_to_show_tablet&quot;:&quot;2&quot;,&quot;slides_to_show_mobile&quot;:&quot;2&quot;,&quot;slides_to_scroll&quot;:&quot;1&quot;,&quot;navigation&quot;:&quot;none&quot;,&quot;speed&quot;:3000,&quot;autoplay&quot;:&quot;yes&quot;,&quot;autoplay_speed&quot;:5000,&quot;infinite&quot;:&quot;yes&quot;,&quot;image_spacing_custom&quot;:{&quot;unit&quot;:&quot;px&quot;,&quot;size&quot;:20,&quot;sizes&quot;:[]},&quot;image_spacing_custom_tablet&quot;:{&quot;unit&quot;:&quot;px&quot;,&quot;size&quot;:&quot;&quot;,&quot;sizes&quot;:[]},&quot;image_spacing_custom_mobile&quot;:{&quot;unit&quot;:&quot;px&quot;,&quot;size&quot;:&quot;&quot;,&quot;sizes&quot;:[]}}\" data-widget_type=\"image-carousel.default\">\n\t\t\t\t\t\t\t<div class=\"elementor-image-carousel-wrapper swiper\" role=\"region\" aria-roledescription=\"carousel\" aria-label=\"Carrousel d\u2019images\" dir=\"ltr\">\n\t\t\t<div class=\"elementor-image-carousel swiper-wrapper\" aria-live=\"off\">\n\t\t\t\t\t\t\t\t<div class=\"swiper-slide\" role=\"group\" aria-roledescription=\"slide\" aria-label=\"1 sur 4\"><figure class=\"swiper-slide-inner\"><img decoding=\"async\" class=\"swiper-slide-image\" src=\"https:\/\/www.quorum-groupe.fr\/wp-content\/uploads\/2025\/11\/pexels-photo-34168280-34168280-scaled-e1764111661169.jpg\" alt=\"A digital editing workspace showcasing a computer screen with photo editing software open, surrounded by camera equipment.\" \/><\/figure><\/div><div class=\"swiper-slide\" role=\"group\" aria-roledescription=\"slide\" aria-label=\"2 sur 4\"><figure class=\"swiper-slide-inner\"><img decoding=\"async\" class=\"swiper-slide-image\" src=\"https:\/\/www.quorum-groupe.fr\/wp-content\/uploads\/2025\/11\/g365aea658c228a4a79003ca3310742b353d1f681baa8da52644fa05f4634532ac860e142d4f75450647efb6a595f93c159a2872d066783a75a9d0412cdc4d852_1280-1175456-e1764111606500.jpg\" alt=\"color chart, magnifying glass, printer, printing press, color, pantone, pantonier, cmyk, printer, printer, printer, printing press, printing press, printing press, printing press, printing press, pantone, cmyk\" \/><\/figure><\/div><div class=\"swiper-slide\" role=\"group\" aria-roledescription=\"slide\" aria-label=\"3 sur 4\"><figure class=\"swiper-slide-inner\"><img decoding=\"async\" class=\"swiper-slide-image\" src=\"https:\/\/www.quorum-groupe.fr\/wp-content\/uploads\/2025\/11\/pexels-photo-7821752-7821752-scaled-e1764111685123.jpg\" alt=\"Close-up of hands typing on laptop keyboard, focusing on online payment verification.\" \/><\/figure><\/div><div class=\"swiper-slide\" role=\"group\" aria-roledescription=\"slide\" aria-label=\"4 sur 4\"><figure class=\"swiper-slide-inner\"><img decoding=\"async\" class=\"swiper-slide-image\" src=\"https:\/\/www.quorum-groupe.fr\/wp-content\/uploads\/2025\/11\/pexels-photo-3183197-3183197-scaled-e1764111571745.jpg\" alt=\"Top view of a diverse team collaborating in an office setting with laptops and tablets, promoting cooperation.\" \/><\/figure><\/div>\t\t\t<\/div>\n\t\t\t\t\t\t\t\n\t\t\t\t\t\t\t\t\t<\/div>\n\t\t\t\t\t\t<\/div>\n\t\t\t\t\t<\/div>\n\t\t<\/div>\n\t\t\t\t\t<\/div>\n\t\t<\/section>\n\t\t<div class=\"elementor-element elementor-element-7b0eec1 e-con-full all-cards e-flex e-con e-parent\" data-id=\"7b0eec1\" data-element_type=\"container\" data-e-type=\"container\">\n\t\t<div class=\"elementor-element elementor-element-85f0e56 e-con-full card1 e-flex e-con e-child\" data-id=\"85f0e56\" data-element_type=\"container\" data-e-type=\"container\" data-settings=\"{&quot;background_background&quot;:&quot;classic&quot;}\">\n\t\t<div class=\"elementor-element elementor-element-e2e03a3 e-con-full e-flex e-con e-child\" data-id=\"e2e03a3\" data-element_type=\"container\" data-e-type=\"container\">\n\t\t\t\t<div class=\"elementor-element elementor-element-784ec83 elementor-widget__width-initial elementor-widget elementor-widget-heading\" data-id=\"784ec83\" data-element_type=\"widget\" data-e-type=\"widget\" data-widget_type=\"heading.default\">\n\t\t\t\t\t<h2 class=\"elementor-heading-title elementor-size-default\">LE PHOTOMONTAGE ET LE D\u00c9TOURAGE<\/h2>\t\t\t\t<\/div>\n\t\t\t\t<div class=\"elementor-element elementor-element-23015d7 elementor-widget elementor-widget-text-editor\" data-id=\"23015d7\" data-element_type=\"widget\" data-e-type=\"widget\" data-widget_type=\"text-editor.default\">\n\t\t\t\t\t\t\t\t\tDans notre atelier pr\u00e9-presse \u00e0 Rungis, nous accordons une attention particuli\u00e8re \u00e0 la qualit\u00e9 des visuels qui composent vos supports. Nos \u00e9quipes r\u00e9alisent des d\u00e9tourages pr\u00e9cis, permettant d\u2019isoler chaque \u00e9l\u00e9ment d\u2019une image avec une grande finesse pour garantir une int\u00e9gration parfaite dans vos compositions graphiques. Nous assurons \u00e9galement des photomontages soign\u00e9s, pens\u00e9s pour harmoniser vos visuels, cr\u00e9er des mises en sc\u00e8ne r\u00e9alistes ou valoriser un produit sous son meilleur angle. Gr\u00e2ce \u00e0 ce travail minutieux, nous vous garantissons des images coh\u00e9rentes, \u00e9l\u00e9gantes et pr\u00eates \u00e0 \u00eatre int\u00e9gr\u00e9es dans vos projets de communication, de packaging ou d\u2019\u00e9dition. \t\t\t\t\t\t\t\t<\/div>\n\t\t\t\t<div class=\"elementor-element elementor-element-d61fed1 elementor-align-left elementor-button-info elementor-widget elementor-widget-button\" data-id=\"d61fed1\" data-element_type=\"widget\" data-e-type=\"widget\" data-settings=\"{&quot;_animation&quot;:&quot;none&quot;}\" data-widget_type=\"button.default\">\n\t\t\t\t\t\t\t\t\t\t<a class=\"elementor-button elementor-button-link elementor-size-sm\" href=\"https:\/\/www.quorum-groupe.fr\/?page_id=47\">\n\t\t\t\t\t\t<span class=\"elementor-button-content-wrapper\">\n\t\t\t\t\t\t\t\t\t<span class=\"elementor-button-text\">NOUS CONTACTER<\/span>\n\t\t\t\t\t<\/span>\n\t\t\t\t\t<\/a>\n\t\t\t\t\t\t\t\t<\/div>\n\t\t\t\t<\/div>\n\t\t<div class=\"elementor-element elementor-element-cce3b47 e-con-full e-flex e-con e-child\" data-id=\"cce3b47\" data-element_type=\"container\" data-e-type=\"container\" data-settings=\"{&quot;background_background&quot;:&quot;classic&quot;}\">\n\t\t\t\t<\/div>\n\t\t\t\t<\/div>\n\t\t<div class=\"elementor-element elementor-element-6aae80e e-con-full card2 e-flex e-con e-child\" data-id=\"6aae80e\" data-element_type=\"container\" data-e-type=\"container\" data-settings=\"{&quot;background_background&quot;:&quot;classic&quot;}\">\n\t\t<div class=\"elementor-element elementor-element-a505f60 e-con-full e-flex e-con e-child\" data-id=\"a505f60\" data-element_type=\"container\" data-e-type=\"container\">\n\t\t\t\t<div class=\"elementor-element elementor-element-cb8e6c0 elementor-widget__width-initial elementor-widget elementor-widget-heading\" data-id=\"cb8e6c0\" data-element_type=\"widget\" data-e-type=\"widget\" data-widget_type=\"heading.default\">\n\t\t\t\t\t<h2 class=\"elementor-heading-title elementor-size-default\">LA COLORIM\u00c9TRIE, CHROMIE ET L'\u00c9CO-ENCRAGE<\/h2>\t\t\t\t<\/div>\n\t\t\t\t<div class=\"elementor-element elementor-element-7297523 elementor-widget elementor-widget-text-editor\" data-id=\"7297523\" data-element_type=\"widget\" data-e-type=\"widget\" data-widget_type=\"text-editor.default\">\n\t\t\t\t\t\t\t\t\tDans notre p\u00f4le pr\u00e9-presse, nous accordons une importance essentielle \u00e0 la colorim\u00e9trie et \u00e0 la chromie, pour garantir une reproduction des couleurs pr\u00e9cise, stable et parfaitement coh\u00e9rente, quel que soit le support ou le proc\u00e9d\u00e9 d\u2019impression. Cette ma\u00eetrise technique assure \u00e0 vos visuels un rendu fid\u00e8le \u00e0 vos intentions cr\u00e9atives et une identit\u00e9 graphique pr\u00e9serv\u00e9e jusqu\u2019\u00e0 la production finale. Notre d\u00e9marche int\u00e8gre \u00e9galement l\u2019\u00e9co-encrage, avec des solutions plus responsables qui limitent l\u2019impact environnemental tout en maintenant une qualit\u00e9 d\u2019impression optimale. \t\t\t\t\t\t\t\t<\/div>\n\t\t\t\t<div class=\"elementor-element elementor-element-efe962a elementor-align-left elementor-button-info elementor-widget elementor-widget-button\" data-id=\"efe962a\" data-element_type=\"widget\" data-e-type=\"widget\" data-settings=\"{&quot;_animation&quot;:&quot;none&quot;}\" data-widget_type=\"button.default\">\n\t\t\t\t\t\t\t\t\t\t<a class=\"elementor-button elementor-button-link elementor-size-sm\" href=\"https:\/\/www.quorum-groupe.fr\/?page_id=47\">\n\t\t\t\t\t\t<span class=\"elementor-button-content-wrapper\">\n\t\t\t\t\t\t\t\t\t<span class=\"elementor-button-text\">NOUS CONTACTER<\/span>\n\t\t\t\t\t<\/span>\n\t\t\t\t\t<\/a>\n\t\t\t\t\t\t\t\t<\/div>\n\t\t\t\t<\/div>\n\t\t<div class=\"elementor-element elementor-element-3a93a94 e-con-full e-flex e-con e-child\" data-id=\"3a93a94\" data-element_type=\"container\" data-e-type=\"container\" data-settings=\"{&quot;background_background&quot;:&quot;classic&quot;}\">\n\t\t\t\t<\/div>\n\t\t\t\t<\/div>\n\t\t<div class=\"elementor-element elementor-element-793d175 e-con-full card3 e-flex e-con e-child\" data-id=\"793d175\" data-element_type=\"container\" data-e-type=\"container\" data-settings=\"{&quot;background_background&quot;:&quot;classic&quot;}\">\n\t\t<div class=\"elementor-element elementor-element-b842abf e-con-full e-flex e-con e-child\" data-id=\"b842abf\" data-element_type=\"container\" data-e-type=\"container\">\n\t\t\t\t<div class=\"elementor-element elementor-element-a406c4c elementor-widget__width-initial elementor-widget elementor-widget-heading\" data-id=\"a406c4c\" data-element_type=\"widget\" data-e-type=\"widget\" data-widget_type=\"heading.default\">\n\t\t\t\t\t<h2 class=\"elementor-heading-title elementor-size-default\">LES PDF NORMALIS\u00c9S<\/h2>\t\t\t\t<\/div>\n\t\t\t\t<div class=\"elementor-element elementor-element-666358f elementor-widget elementor-widget-text-editor\" data-id=\"666358f\" data-element_type=\"widget\" data-e-type=\"widget\" data-widget_type=\"text-editor.default\">\n\t\t\t\t\t\t\t\t\tNous r\u00e9alisons des PDF normalis\u00e9s qui r\u00e9pondent aux exigences strictes des normes ISO, assurant la qualit\u00e9, la stabilit\u00e9 et la compatibilit\u00e9 de vos documents dans le temps. Qu\u2019il s\u2019agisse de fichiers destin\u00e9s \u00e0 l\u2019archivage longue dur\u00e9e (PDF\/A), \u00e0 l\u2019impression professionnelle (PDF\/X) ou \u00e0 l\u2019accessibilit\u00e9 pour tous les utilisateurs (PDF\/UA), nous veillons \u00e0 respecter chaque standard avec pr\u00e9cision. Cette approche garantit des documents fiables, conformes aux contraintes techniques de vos partenaires, et parfaitement adapt\u00e9s \u00e0 leur utilisation finale. Cette expertise, m\u00eal\u00e9e \u00e0 celle des \u00e9preuves certifi\u00e9es\u00a0<a href=\"https:\/\/fogra.org\/\" target=\"_blank\" rel=\"noopener\">Fogra<\/a>, assure ainsi des fichiers ma\u00eetris\u00e9s, optimis\u00e9s et pr\u00eats \u00e0 \u00eatre int\u00e9gr\u00e9s dans des environnements professionnels exigeants. \t\t\t\t\t\t\t\t<\/div>\n\t\t\t\t<div class=\"elementor-element elementor-element-e788b24 elementor-align-left elementor-button-info elementor-widget elementor-widget-button\" data-id=\"e788b24\" data-element_type=\"widget\" data-e-type=\"widget\" data-settings=\"{&quot;_animation&quot;:&quot;none&quot;}\" data-widget_type=\"button.default\">\n\t\t\t\t\t\t\t\t\t\t<a class=\"elementor-button elementor-button-link elementor-size-sm\" href=\"https:\/\/www.quorum-groupe.fr\/?page_id=47\">\n\t\t\t\t\t\t<span class=\"elementor-button-content-wrapper\">\n\t\t\t\t\t\t\t\t\t<span class=\"elementor-button-text\">NOUS CONTACTER<\/span>\n\t\t\t\t\t<\/span>\n\t\t\t\t\t<\/a>\n\t\t\t\t\t\t\t\t<\/div>\n\t\t\t\t<\/div>\n\t\t<div class=\"elementor-element elementor-element-a6d2164 e-con-full e-flex e-con e-child\" data-id=\"a6d2164\" data-element_type=\"container\" data-e-type=\"container\" data-settings=\"{&quot;background_background&quot;:&quot;classic&quot;}\">\n\t\t\t\t<\/div>\n\t\t\t\t<\/div>\n\t\t\t\t<\/div>\n\t\t<div class=\"elementor-element elementor-element-b47546a e-con-full e-flex e-con e-parent\" data-id=\"b47546a\" data-element_type=\"container\" data-e-type=\"container\" data-settings=\"{&quot;background_background&quot;:&quot;classic&quot;,&quot;animation&quot;:&quot;none&quot;}\">\n\t\t\t\t<div class=\"elementor-element elementor-element-dbb2130 elementor-widget__width-inherit elementor-widget-divider--view-line elementor-widget elementor-widget-divider\" data-id=\"dbb2130\" data-element_type=\"widget\" data-e-type=\"widget\" data-settings=\"{&quot;_animation&quot;:&quot;none&quot;}\" data-widget_type=\"divider.default\">\n\t\t\t\t\t\t\t<div class=\"elementor-divider\">\n\t\t\t<span class=\"elementor-divider-separator\">\n\t\t\t\t\t\t<\/span>\n\t\t<\/div>\n\t\t\t\t\t\t<\/div>\n\t\t\t\t<\/div>\n\t\t<div class=\"elementor-element elementor-element-47be351 e-con-full e-flex e-con e-parent\" data-id=\"47be351\" data-element_type=\"container\" data-e-type=\"container\" data-settings=\"{&quot;background_background&quot;:&quot;classic&quot;,&quot;animation&quot;:&quot;none&quot;}\">\n\t\t\t\t<div class=\"elementor-element elementor-element-0428fd6 elementor-widget-mobile__width-inherit elementor-invisible elementor-widget elementor-widget-heading\" data-id=\"0428fd6\" data-element_type=\"widget\" data-e-type=\"widget\" data-settings=\"{&quot;_animation&quot;:&quot;fadeInLeft&quot;}\" data-widget_type=\"heading.default\">\n\t\t\t\t\t<h2 class=\"elementor-heading-title elementor-size-default\">NOS AUTRES SOLUTIONS DE PRODUCTION GRAPHIQUE<\/h2>\t\t\t\t<\/div>\n\t\t\t\t<div class=\"elementor-element elementor-element-fc54b17 elementor-widget__width-initial elementor-invisible elementor-widget elementor-widget-text-editor\" data-id=\"fc54b17\" data-element_type=\"widget\" data-e-type=\"widget\" data-settings=\"{&quot;_animation&quot;:&quot;fadeInRight&quot;}\" data-widget_type=\"text-editor.default\">\n\t\t\t\t\t\t\t\t\tChoisissez celle qui vous convient. \t\t\t\t\t\t\t\t<\/div>\n\t\t\t\t<\/div>\n\t\t<div class=\"elementor-element elementor-element-ac404b3 e-con-full e-flex e-con e-parent\" data-id=\"ac404b3\" data-element_type=\"container\" data-e-type=\"container\" data-settings=\"{&quot;background_background&quot;:&quot;classic&quot;}\">\n\t\t<div class=\"elementor-element elementor-element-fc9c493 e-con-full e-flex e-con e-child\" data-id=\"fc9c493\" data-element_type=\"container\" data-e-type=\"container\">\n\t\t\t\t<div class=\"elementor-element elementor-element-d28a670 elementor-widget elementor-widget-image\" data-id=\"d28a670\" data-element_type=\"widget\" data-e-type=\"widget\" data-widget_type=\"image.default\">\n\t\t\t\t\t\t\t\t\t\t\t\t\t\t\t\t<a href=\"https:\/\/www.quorum-groupe.fr\/?page_id=5496\">\n\t\t\t\t\t\t\t<img fetchpriority=\"high\" decoding=\"async\" width=\"2000\" height=\"1333\" src=\"https:\/\/www.quorum-groupe.fr\/wp-content\/uploads\/2025\/11\/2147848187.jpg\" class=\"elementor-animation-grow attachment-full size-full wp-image-5515\" alt=\"\" srcset=\"https:\/\/www.quorum-groupe.fr\/wp-content\/uploads\/2025\/11\/2147848187.jpg 2000w, https:\/\/www.quorum-groupe.fr\/wp-content\/uploads\/2025\/11\/2147848187-300x200.jpg 300w, https:\/\/www.quorum-groupe.fr\/wp-content\/uploads\/2025\/11\/2147848187-1024x682.jpg 1024w, https:\/\/www.quorum-groupe.fr\/wp-content\/uploads\/2025\/11\/2147848187-768x512.jpg 768w, https:\/\/www.quorum-groupe.fr\/wp-content\/uploads\/2025\/11\/2147848187-1536x1024.jpg 1536w\" sizes=\"(max-width: 2000px) 100vw, 2000px\" \/>\t\t\t\t\t\t\t\t<\/a>\n\t\t\t\t\t\t\t\t\t\t\t\t\t\t\t<\/div>\n\t\t\t\t<div class=\"elementor-element elementor-element-11700c7 elementor-widget elementor-widget-text-editor\" data-id=\"11700c7\" data-element_type=\"widget\" data-e-type=\"widget\" data-widget_type=\"text-editor.default\">\n\t\t\t\t\t\t\t\t\t<p>\u00c9DITION<\/p>\t\t\t\t\t\t\t\t<\/div>\n\t\t\t\t<\/div>\n\t\t<div class=\"elementor-element elementor-element-314513e e-con-full e-flex e-con e-child\" data-id=\"314513e\" data-element_type=\"container\" data-e-type=\"container\">\n\t\t\t\t<div class=\"elementor-element elementor-element-7e96e2b elementor-widget elementor-widget-image\" data-id=\"7e96e2b\" data-element_type=\"widget\" data-e-type=\"widget\" data-widget_type=\"image.default\">\n\t\t\t\t\t\t\t\t\t\t\t\t\t\t\t\t<a href=\"https:\/\/www.quorum-groupe.fr\/?page_id=642\">\n\t\t\t\t\t\t\t<img decoding=\"async\" width=\"2560\" height=\"1707\" src=\"https:\/\/www.quorum-groupe.fr\/wp-content\/uploads\/2025\/11\/7980977-1-scaled.jpg\" class=\"elementor-animation-grow attachment-full size-full wp-image-5502\" alt=\"\" srcset=\"https:\/\/www.quorum-groupe.fr\/wp-content\/uploads\/2025\/11\/7980977-1-scaled.jpg 2560w, https:\/\/www.quorum-groupe.fr\/wp-content\/uploads\/2025\/11\/7980977-1-300x200.jpg 300w, https:\/\/www.quorum-groupe.fr\/wp-content\/uploads\/2025\/11\/7980977-1-1024x683.jpg 1024w, https:\/\/www.quorum-groupe.fr\/wp-content\/uploads\/2025\/11\/7980977-1-768x512.jpg 768w, https:\/\/www.quorum-groupe.fr\/wp-content\/uploads\/2025\/11\/7980977-1-1536x1024.jpg 1536w, https:\/\/www.quorum-groupe.fr\/wp-content\/uploads\/2025\/11\/7980977-1-2048x1365.jpg 2048w\" sizes=\"(max-width: 2560px) 100vw, 2560px\" \/>\t\t\t\t\t\t\t\t<\/a>\n\t\t\t\t\t\t\t\t\t\t\t\t\t\t\t<\/div>\n\t\t\t\t<div class=\"elementor-element elementor-element-d6ee953 elementor-widget elementor-widget-text-editor\" data-id=\"d6ee953\" data-element_type=\"widget\" data-e-type=\"widget\" data-widget_type=\"text-editor.default\">\n\t\t\t\t\t\t\t\t\t<p>PACKAGING<\/p>\t\t\t\t\t\t\t\t<\/div>\n\t\t\t\t<\/div>\n\t\t\t\t<\/div>\n\t\t<div class=\"elementor-element elementor-element-c6ab479 e-con-full e-flex e-con e-parent\" data-id=\"c6ab479\" data-element_type=\"container\" data-e-type=\"container\" data-settings=\"{&quot;background_background&quot;:&quot;classic&quot;,&quot;animation&quot;:&quot;none&quot;}\">\n\t\t<div class=\"elementor-element elementor-element-f95c9e6 e-con-full e-flex e-con e-child\" data-id=\"f95c9e6\" data-element_type=\"container\" data-e-type=\"container\">\n\t\t\t\t<div class=\"elementor-element elementor-element-5483fcd elementor-widget elementor-widget-heading\" data-id=\"5483fcd\" data-element_type=\"widget\" data-e-type=\"widget\" data-settings=\"{&quot;_animation&quot;:&quot;none&quot;}\" data-widget_type=\"heading.default\">\n\t\t\t\t\t<h2 class=\"elementor-heading-title elementor-size-default\">Soyez assur\u00e9 d'\u00eatre accompagn\u00e9 de la conception \u00e0 l'impression.<\/h2>\t\t\t\t<\/div>\n\t\t\t\t<\/div>\n\t\t\t\t<div class=\"elementor-element elementor-element-e3939e9 elementor-align-left elementor-button-info elementor-widget elementor-widget-button\" data-id=\"e3939e9\" data-element_type=\"widget\" data-e-type=\"widget\" data-settings=\"{&quot;_animation&quot;:&quot;none&quot;}\" data-widget_type=\"button.default\">\n\t\t\t\t\t\t\t\t\t\t<a class=\"elementor-button elementor-button-link elementor-size-sm\" href=\"https:\/\/www.quorum-groupe.fr\/?page_id=47\">\n\t\t\t\t\t\t<span class=\"elementor-button-content-wrapper\">\n\t\t\t\t\t\t\t\t\t<span class=\"elementor-button-text\">CONTACTER NOS \u00c9QUIPES<\/span>\n\t\t\t\t\t<\/span>\n\t\t\t\t\t<\/a>\n\t\t\t\t\t\t\t\t<\/div>\n\t\t\t\t<\/div>\n\t\t\t\t<\/div>\n\t\t","protected":false},"excerpt":{"rendered":"<p>PR\u00c9-PRESSE Les d\u00e9tails qui font la diff\u00e9rence. LE PHOTOMONTAGE ET LE D\u00c9TOURAGE Dans notre atelier pr\u00e9-presse \u00e0 Rungis, nous accordons [&hellip;]<\/p>\n","protected":false},"author":3,"featured_media":0,"parent":0,"menu_order":0,"comment_status":"closed","ping_status":"closed","template":"","meta":{"site-sidebar-layout":"no-sidebar","site-content-layout":"","ast-site-content-layout":"full-width-container","site-content-style":"default","site-sidebar-style":"default","ast-global-header-display":"","ast-banner-title-visibility":"","ast-main-header-display":"","ast-hfb-above-header-display":"","ast-hfb-below-header-display":"","ast-hfb-mobile-header-display":"","site-post-title":"disabled","ast-breadcrumbs-content":"","ast-featured-img":"disabled","footer-sml-layout":"","ast-disable-related-posts":"","theme-transparent-header-meta":"","adv-header-id-meta":"","stick-header-meta":"","header-above-stick-meta":"","header-main-stick-meta":"","header-below-stick-meta":"","astra-migrate-meta-layouts":"default","ast-page-background-enabled":"default","ast-page-background-meta":{"desktop":{"background-color":"var(--ast-global-color-5)","background-image":"","background-repeat":"repeat","background-position":"center center","background-size":"auto","background-attachment":"scroll","background-type":"","background-media":"","overlay-type":"","overlay-color":"","overlay-opacity":"","overlay-gradient":""},"tablet":{"background-color":"","background-image":"","background-repeat":"repeat","background-position":"center center","background-size":"auto","background-attachment":"scroll","background-type":"","background-media":"","overlay-type":"","overlay-color":"","overlay-opacity":"","overlay-gradient":""},"mobile":{"background-color":"","background-image":"","background-repeat":"repeat","background-position":"center center","background-size":"auto","background-attachment":"scroll","background-type":"","background-media":"","overlay-type":"","overlay-color":"","overlay-opacity":"","overlay-gradient":""}},"ast-content-background-meta":{"desktop":{"background-color":"var(--ast-global-color-4)","background-image":"","background-repeat":"repeat","background-position":"center center","background-size":"auto","background-attachment":"scroll","background-type":"","background-media":"","overlay-type":"","overlay-color":"","overlay-opacity":"","overlay-gradient":""},"tablet":{"background-color":"var(--ast-global-color-4)","background-image":"","background-repeat":"repeat","background-position":"center center","background-size":"auto","background-attachment":"scroll","background-type":"","background-media":"","overlay-type":"","overlay-color":"","overlay-opacity":"","overlay-gradient":""},"mobile":{"background-color":"var(--ast-global-color-4)","background-image":"","background-repeat":"repeat","background-position":"center center","background-size":"auto","background-attachment":"scroll","background-type":"","background-media":"","overlay-type":"","overlay-color":"","overlay-opacity":"","overlay-gradient":""}},"footnotes":""},"class_list":["post-5488","page","type-page","status-publish","hentry"],"_links":{"self":[{"href":"https:\/\/www.quorum-groupe.fr\/index.php?rest_route=\/wp\/v2\/pages\/5488","targetHints":{"allow":["GET"]}}],"collection":[{"href":"https:\/\/www.quorum-groupe.fr\/index.php?rest_route=\/wp\/v2\/pages"}],"about":[{"href":"https:\/\/www.quorum-groupe.fr\/index.php?rest_route=\/wp\/v2\/types\/page"}],"author":[{"embeddable":true,"href":"https:\/\/www.quorum-groupe.fr\/index.php?rest_route=\/wp\/v2\/users\/3"}],"replies":[{"embeddable":true,"href":"https:\/\/www.quorum-groupe.fr\/index.php?rest_route=%2Fwp%2Fv2%2Fcomments&post=5488"}],"version-history":[{"count":142,"href":"https:\/\/www.quorum-groupe.fr\/index.php?rest_route=\/wp\/v2\/pages\/5488\/revisions"}],"predecessor-version":[{"id":8584,"href":"https:\/\/www.quorum-groupe.fr\/index.php?rest_route=\/wp\/v2\/pages\/5488\/revisions\/8584"}],"wp:attachment":[{"href":"https:\/\/www.quorum-groupe.fr\/index.php?rest_route=%2Fwp%2Fv2%2Fmedia&parent=5488"}],"curies":[{"name":"wp","href":"https:\/\/api.w.org\/{rel}","templated":true}]}}